{"id":1148,"date":"2021-08-21T19:23:58","date_gmt":"2021-08-21T19:23:58","guid":{"rendered":"https:\/\/youranimalguide.com\/?post_type=product&#038;p=1148"},"modified":"2024-08-10T08:41:47","modified_gmt":"2024-08-10T08:41:47","slug":"polyglactin-910","status":"publish","type":"product","link":"https:\/\/plussurgicalsutures.com\/en\/product\/polyglactin-910\/","title":{"rendered":"POLYGLACTIN 910"},"content":{"rendered":"<p><strong>PGLA (POLYGLACTIN 910)<br \/>\n<\/strong><\/p>\n<p>ABSORPTION TIME: 54-70 Days<\/p>\n<p>TISSUE SUPPORT: 2nd Week 80% - 3rd Week 50%<\/p>","protected":false},"excerpt":{"rendered":"<p><strong>PGLA (POLYGLACTIN 910)<\/strong><\/p>\n<p>CHARACTERISTICS: PGLA 910: 90% Glycolic Acid + 10% Lactic Acid Absorbable Surgical Suture<\/p>\n<p>K\u0130MYASAL YAPISI: \u00d6rg\u00fc maddesi glikolid ve L-Laktit\u2019den yap\u0131lm\u0131\u015f s\u00fcturdur. Polyglycolide-co-L (Lactide)<\/p>\n<p>COATING MATERIAL: Coating material is a mixture of Calsium Citrate and Lactide-Glycolide<\/p>\n<p>PROPERTIES: Perfect Knot Security \/ Extremely Starting Tensile Strength<\/p>\n<p>EBATLARI: Her \u00f6l\u00e7\u00fcde \u00fcretim yap\u0131l\u0131r.<\/p>\n<p>COLOUR: Violet &amp; Undyed<\/p>\n<p>STERILIZATION: Ethylene Oxide<\/p>","protected":false},"featured_media":1149,"comment_status":"open","ping_status":"closed","template":"","meta":{"site-sidebar-layout":"default","site-content-layout":"default","ast-site-content-layout":"default","site-content-style":"default","site-sidebar-style":"default","ast-global-header-display":"","ast-banner-title-visibility":"","ast-main-header-display":"","ast-hfb-above-header-display":"","ast-hfb-below-header-display":"","ast-hfb-mobile-header-display":"","site-post-title":"","ast-breadcrumbs-content":"","ast-featured-img":"","footer-sml-layout":"","ast-disable-related-posts":"","theme-transparent-header-meta":"default","adv-header-id-meta":"","stick-header-meta":"","header-above-stick-meta":"","header-main-stick-meta":"","header-below-stick-meta":"","astra-migrate-meta-layouts":"default","ast-page-background-enabled":"default","ast-page-background-meta":{"desktop":{"background-color":"var(--ast-global-color-4)","background-image":"","background-repeat":"repeat","background-position":"center center","background-size":"auto","background-attachment":"scroll","background-type":"","background-media":"","overlay-type":"","overlay-color":"","overlay-opacity":"","overlay-gradient":""},"tablet":{"background-color":"","background-image":"","background-repeat":"repeat","background-position":"center center","background-size":"auto","background-attachment":"scroll","background-type":"","background-media":"","overlay-type":"","overlay-color":"","overlay-opacity":"","overlay-gradient":""},"mobile":{"background-color":"","background-image":"","background-repeat":"repeat","background-position":"center center","background-size":"auto","background-attachment":"scroll","background-type":"","background-media":"","overlay-type":"","overlay-color":"","overlay-opacity":"","overlay-gradient":""}},"ast-content-background-meta":{"desktop":{"background-color":"var(--ast-global-color-5)","background-image":"","background-repeat":"repeat","background-position":"center center","background-size":"auto","background-attachment":"scroll","background-type":"","background-media":"","overlay-type":"","overlay-color":"","overlay-opacity":"","overlay-gradient":""},"tablet":{"background-color":"var(--ast-global-color-5)","background-image":"","background-repeat":"repeat","background-position":"center center","background-size":"auto","background-attachment":"scroll","background-type":"","background-media":"","overlay-type":"","overlay-color":"","overlay-opacity":"","overlay-gradient":""},"mobile":{"background-color":"var(--ast-global-color-5)","background-image":"","background-repeat":"repeat","background-position":"center center","background-size":"auto","background-attachment":"scroll","background-type":"","background-media":"","overlay-type":"","overlay-color":"","overlay-opacity":"","overlay-gradient":""}}},"product_brand":[],"product_cat":[37],"product_tag":[],"class_list":{"0":"post-1148","1":"product","2":"type-product","3":"status-publish","4":"has-post-thumbnail","6":"product_cat-emilebilir","7":"desktop-align-left","8":"tablet-align-left","9":"mobile-align-left","11":"first","12":"instock","13":"shipping-taxable","14":"product-type-simple"},"yoast_head":"<!-- This site is optimized with the Yoast SEO plugin v25.6 - https:\/\/yoast.com\/wordpress\/plugins\/seo\/ -->\n<title>POLYGLACTIN 910 &#8226; Plus Surgical Sutures<\/title>\n<meta name=\"robots\" content=\"index, follow, max-snippet:-1, max-image-preview:large, max-video-preview:-1\" \/>\n<link rel=\"canonical\" href=\"https:\/\/plussurgicalsutures.com\/en\/product\/polyglactin-910\/\" \/>\n<meta property=\"og:locale\" content=\"en_US\" \/>\n<meta property=\"og:type\" content=\"article\" \/>\n<meta property=\"og:title\" content=\"POLYGLACTIN 910 &#8226; Plus Surgical Sutures\" \/>\n<meta property=\"og:description\" content=\"PGLA (POLYGLACTIN 910)  KARAKTER\u0130ST\u0130K: PGLA 910: %90 Glikolik Asit + %10 Laktik Asit Emilebilir Cerrahi S\u00fct\u00fcr  K\u0130MYASAL YAPISI: \u00d6rg\u00fc maddesi glikolid ve L-Laktit\u2019den yap\u0131lm\u0131\u015f s\u00fcturdur. Polyglycolide-co-L (Lactide)  KAPLAMA MADDES\u0130: Kalsiyum sitrat , Laktid- Glikolid kar\u0131\u015f\u0131m\u0131d\u0131r.  \u00d6ZELL\u0130KLER\u0130: M\u00fckemmel D\u00fc\u011f\u00fcm G\u00fcvenli\u011fi \/ \u00c7ok Y\u00fcksek Ba\u015flang\u0131\u00e7 Gerilim G\u00fcc\u00fc  EBATLARI: Her \u00f6l\u00e7\u00fcde \u00fcretim yap\u0131l\u0131r.  RENK: Menek\u015fe &amp; Renksiz  STER\u0130L\u0130ZASYON : Ethilen Oksit\" \/>\n<meta property=\"og:url\" content=\"https:\/\/plussurgicalsutures.com\/en\/product\/polyglactin-910\/\" \/>\n<meta property=\"og:site_name\" content=\"Plus Surgical Sutures\" \/>\n<meta property=\"article:modified_time\" content=\"2024-08-10T08:41:47+00:00\" \/>\n<meta property=\"og:image\" content=\"https:\/\/plussurgicalsutures.com\/wp-content\/uploads\/2021\/08\/polyglactin-910_3.jpg\" \/>\n\t<meta property=\"og:image:width\" content=\"600\" \/>\n\t<meta property=\"og:image:height\" content=\"400\" \/>\n\t<meta property=\"og:image:type\" content=\"image\/jpeg\" \/>\n<meta name=\"twitter:card\" content=\"summary_large_image\" \/>\n<script type=\"application\/ld+json\" class=\"yoast-schema-graph\">{\"@context\":\"https:\/\/schema.org\",\"@graph\":[{\"@type\":\"WebPage\",\"@id\":\"https:\/\/plussurgicalsutures.com\/product\/polyglactin-910\/\",\"url\":\"https:\/\/plussurgicalsutures.com\/product\/polyglactin-910\/\",\"name\":\"POLYGLACTIN 910 &#8226; Plus Surgical Sutures\",\"isPartOf\":{\"@id\":\"https:\/\/plussurgicalsutures.com\/#website\"},\"primaryImageOfPage\":{\"@id\":\"https:\/\/plussurgicalsutures.com\/product\/polyglactin-910\/#primaryimage\"},\"image\":{\"@id\":\"https:\/\/plussurgicalsutures.com\/product\/polyglactin-910\/#primaryimage\"},\"thumbnailUrl\":\"https:\/\/plussurgicalsutures.com\/wp-content\/uploads\/2021\/08\/polyglactin-910_3.jpg\",\"datePublished\":\"2021-08-21T19:23:58+00:00\",\"dateModified\":\"2024-08-10T08:41:47+00:00\",\"breadcrumb\":{\"@id\":\"https:\/\/plussurgicalsutures.com\/product\/polyglactin-910\/#breadcrumb\"},\"inLanguage\":\"en-US\",\"potentialAction\":[{\"@type\":\"ReadAction\",\"target\":[\"https:\/\/plussurgicalsutures.com\/product\/polyglactin-910\/\"]}]},{\"@type\":\"ImageObject\",\"inLanguage\":\"en-US\",\"@id\":\"https:\/\/plussurgicalsutures.com\/product\/polyglactin-910\/#primaryimage\",\"url\":\"https:\/\/plussurgicalsutures.com\/wp-content\/uploads\/2021\/08\/polyglactin-910_3.jpg\",\"contentUrl\":\"https:\/\/plussurgicalsutures.com\/wp-content\/uploads\/2021\/08\/polyglactin-910_3.jpg\",\"width\":600,\"height\":400},{\"@type\":\"BreadcrumbList\",\"@id\":\"https:\/\/plussurgicalsutures.com\/product\/polyglactin-910\/#breadcrumb\",\"itemListElement\":[{\"@type\":\"ListItem\",\"position\":1,\"name\":\"Home\",\"item\":\"https:\/\/plussurgicalsutures.com\/\"},{\"@type\":\"ListItem\",\"position\":2,\"name\":\"Products\",\"item\":\"https:\/\/plussurgicalsutures.com\/en\/shop\/\"},{\"@type\":\"ListItem\",\"position\":3,\"name\":\"POLYGLACTIN 910\"}]},{\"@type\":\"WebSite\",\"@id\":\"https:\/\/plussurgicalsutures.com\/#website\",\"url\":\"https:\/\/plussurgicalsutures.com\/\",\"name\":\"Plus Surgical Sutures\",\"description\":\"\",\"publisher\":{\"@id\":\"https:\/\/plussurgicalsutures.com\/#organization\"},\"potentialAction\":[{\"@type\":\"SearchAction\",\"target\":{\"@type\":\"EntryPoint\",\"urlTemplate\":\"https:\/\/plussurgicalsutures.com\/?s={search_term_string}\"},\"query-input\":{\"@type\":\"PropertyValueSpecification\",\"valueRequired\":true,\"valueName\":\"search_term_string\"}}],\"inLanguage\":\"en-US\"},{\"@type\":\"Organization\",\"@id\":\"https:\/\/plussurgicalsutures.com\/#organization\",\"name\":\"Plus Surgical Sutures\",\"url\":\"https:\/\/plussurgicalsutures.com\/\",\"logo\":{\"@type\":\"ImageObject\",\"inLanguage\":\"en-US\",\"@id\":\"https:\/\/plussurgicalsutures.com\/#\/schema\/logo\/image\/\",\"url\":\"https:\/\/plussurgicalsutures.com\/wp-content\/uploads\/2021\/08\/cropped-logo.webp\",\"contentUrl\":\"https:\/\/plussurgicalsutures.com\/wp-content\/uploads\/2021\/08\/cropped-logo.webp\",\"width\":280,\"height\":152,\"caption\":\"Plus Surgical Sutures\"},\"image\":{\"@id\":\"https:\/\/plussurgicalsutures.com\/#\/schema\/logo\/image\/\"}}]}<\/script>\n<!-- \/ Yoast SEO plugin. -->","yoast_head_json":{"title":"POLYGLACTIN 910 &#8226; Plus Surgical Sutures","robots":{"index":"index","follow":"follow","max-snippet":"max-snippet:-1","max-image-preview":"max-image-preview:large","max-video-preview":"max-video-preview:-1"},"canonical":"https:\/\/plussurgicalsutures.com\/en\/product\/polyglactin-910\/","og_locale":"en_US","og_type":"article","og_title":"POLYGLACTIN 910 &#8226; Plus Surgical Sutures","og_description":"PGLA (POLYGLACTIN 910)  KARAKTER\u0130ST\u0130K: PGLA 910: %90 Glikolik Asit + %10 Laktik Asit Emilebilir Cerrahi S\u00fct\u00fcr  K\u0130MYASAL YAPISI: \u00d6rg\u00fc maddesi glikolid ve L-Laktit\u2019den yap\u0131lm\u0131\u015f s\u00fcturdur. Polyglycolide-co-L (Lactide)  KAPLAMA MADDES\u0130: Kalsiyum sitrat , Laktid- Glikolid kar\u0131\u015f\u0131m\u0131d\u0131r.  \u00d6ZELL\u0130KLER\u0130: M\u00fckemmel D\u00fc\u011f\u00fcm G\u00fcvenli\u011fi \/ \u00c7ok Y\u00fcksek Ba\u015flang\u0131\u00e7 Gerilim G\u00fcc\u00fc  EBATLARI: Her \u00f6l\u00e7\u00fcde \u00fcretim yap\u0131l\u0131r.  RENK: Menek\u015fe &amp; Renksiz  STER\u0130L\u0130ZASYON : Ethilen Oksit","og_url":"https:\/\/plussurgicalsutures.com\/en\/product\/polyglactin-910\/","og_site_name":"Plus Surgical Sutures","article_modified_time":"2024-08-10T08:41:47+00:00","og_image":[{"width":600,"height":400,"url":"https:\/\/plussurgicalsutures.com\/wp-content\/uploads\/2021\/08\/polyglactin-910_3.jpg","type":"image\/jpeg"}],"twitter_card":"summary_large_image","schema":{"@context":"https:\/\/schema.org","@graph":[{"@type":"WebPage","@id":"https:\/\/plussurgicalsutures.com\/product\/polyglactin-910\/","url":"https:\/\/plussurgicalsutures.com\/product\/polyglactin-910\/","name":"POLYGLACTIN 910 &#8226; Plus Surgical Sutures","isPartOf":{"@id":"https:\/\/plussurgicalsutures.com\/#website"},"primaryImageOfPage":{"@id":"https:\/\/plussurgicalsutures.com\/product\/polyglactin-910\/#primaryimage"},"image":{"@id":"https:\/\/plussurgicalsutures.com\/product\/polyglactin-910\/#primaryimage"},"thumbnailUrl":"https:\/\/plussurgicalsutures.com\/wp-content\/uploads\/2021\/08\/polyglactin-910_3.jpg","datePublished":"2021-08-21T19:23:58+00:00","dateModified":"2024-08-10T08:41:47+00:00","breadcrumb":{"@id":"https:\/\/plussurgicalsutures.com\/product\/polyglactin-910\/#breadcrumb"},"inLanguage":"en-US","potentialAction":[{"@type":"ReadAction","target":["https:\/\/plussurgicalsutures.com\/product\/polyglactin-910\/"]}]},{"@type":"ImageObject","inLanguage":"en-US","@id":"https:\/\/plussurgicalsutures.com\/product\/polyglactin-910\/#primaryimage","url":"https:\/\/plussurgicalsutures.com\/wp-content\/uploads\/2021\/08\/polyglactin-910_3.jpg","contentUrl":"https:\/\/plussurgicalsutures.com\/wp-content\/uploads\/2021\/08\/polyglactin-910_3.jpg","width":600,"height":400},{"@type":"BreadcrumbList","@id":"https:\/\/plussurgicalsutures.com\/product\/polyglactin-910\/#breadcrumb","itemListElement":[{"@type":"ListItem","position":1,"name":"Home","item":"https:\/\/plussurgicalsutures.com\/"},{"@type":"ListItem","position":2,"name":"Products","item":"https:\/\/plussurgicalsutures.com\/en\/shop\/"},{"@type":"ListItem","position":3,"name":"POLYGLACTIN 910"}]},{"@type":"WebSite","@id":"https:\/\/plussurgicalsutures.com\/#website","url":"https:\/\/plussurgicalsutures.com\/","name":"Plus Surgical Sutures","description":"","publisher":{"@id":"https:\/\/plussurgicalsutures.com\/#organization"},"potentialAction":[{"@type":"SearchAction","target":{"@type":"EntryPoint","urlTemplate":"https:\/\/plussurgicalsutures.com\/?s={search_term_string}"},"query-input":{"@type":"PropertyValueSpecification","valueRequired":true,"valueName":"search_term_string"}}],"inLanguage":"en-US"},{"@type":"Organization","@id":"https:\/\/plussurgicalsutures.com\/#organization","name":"Plus Surgical Sutures","url":"https:\/\/plussurgicalsutures.com\/","logo":{"@type":"ImageObject","inLanguage":"en-US","@id":"https:\/\/plussurgicalsutures.com\/#\/schema\/logo\/image\/","url":"https:\/\/plussurgicalsutures.com\/wp-content\/uploads\/2021\/08\/cropped-logo.webp","contentUrl":"https:\/\/plussurgicalsutures.com\/wp-content\/uploads\/2021\/08\/cropped-logo.webp","width":280,"height":152,"caption":"Plus Surgical Sutures"},"image":{"@id":"https:\/\/plussurgicalsutures.com\/#\/schema\/logo\/image\/"}}]}},"_links":{"self":[{"href":"https:\/\/plussurgicalsutures.com\/en\/wp-json\/wp\/v2\/product\/1148"}],"collection":[{"href":"https:\/\/plussurgicalsutures.com\/en\/wp-json\/wp\/v2\/product"}],"about":[{"href":"https:\/\/plussurgicalsutures.com\/en\/wp-json\/wp\/v2\/types\/product"}],"replies":[{"embeddable":true,"href":"https:\/\/plussurgicalsutures.com\/en\/wp-json\/wp\/v2\/comments?post=1148"}],"wp:featuredmedia":[{"embeddable":true,"href":"https:\/\/plussurgicalsutures.com\/en\/wp-json\/wp\/v2\/media\/1149"}],"wp:attachment":[{"href":"https:\/\/plussurgicalsutures.com\/en\/wp-json\/wp\/v2\/media?parent=1148"}],"wp:term":[{"taxonomy":"product_brand","embeddable":true,"href":"https:\/\/plussurgicalsutures.com\/en\/wp-json\/wp\/v2\/product_brand?post=1148"},{"taxonomy":"product_cat","embeddable":true,"href":"https:\/\/plussurgicalsutures.com\/en\/wp-json\/wp\/v2\/product_cat?post=1148"},{"taxonomy":"product_tag","embeddable":true,"href":"https:\/\/plussurgicalsutures.com\/en\/wp-json\/wp\/v2\/product_tag?post=1148"}],"curies":[{"name":"wp","href":"https:\/\/api.w.org\/{rel}","templated":true}]}}