{"id":1174,"date":"2021-08-21T19:37:09","date_gmt":"2021-08-21T19:37:09","guid":{"rendered":"https:\/\/youranimalguide.com\/?post_type=product&#038;p=1174"},"modified":"2026-01-10T22:34:16","modified_gmt":"2026-01-10T22:34:16","slug":"polyester-tape","status":"publish","type":"product","link":"https:\/\/plussurgicalsutures.com\/en\/product\/polyester-tape\/","title":{"rendered":"POLYESTER TAPE (Cervix Set)"},"content":{"rendered":"<p><strong>POLYESTER TAPE (Braided )<\/strong><\/p>\n<p>PROPERTIES: Diminished Rough Surface - Has a Feature of Sliding Knot - Easy Passage through tissue<\/p>","protected":false},"excerpt":{"rendered":"<p><strong>POLYESTER(Braided )<\/strong><\/p>\n<p>CHARACTERISTICS: Multifilament Non-Absorbable Syntetic Suture<\/p>\n<p>K\u0130MYASAL YAPISI: Polietilen Tereftalat&#8217;tan imal edilmi\u015f emilemeyen \u00f6rg\u00fcl\u00fc cerrahi s\u00fct\u00fcrd\u00fcr.<\/p>\n<p>COATING MATERIAL: Slycone<\/p>\n<p>EBATLARI: Her \u00f6l\u00e7\u00fcde \u00fcretim yap\u0131l\u0131r.<\/p>\n<p>COLUR: Grean &amp; Blue<\/p>\n<p>STERILIZATION: Ethylene Oxide Or Gamma<\/p>","protected":false},"featured_media":1177,"comment_status":"open","ping_status":"closed","template":"","meta":{"site-sidebar-layout":"default","site-content-layout":"default","ast-site-content-layout":"default","site-content-style":"default","site-sidebar-style":"default","ast-global-header-display":"","ast-banner-title-visibility":"","ast-main-header-display":"","ast-hfb-above-header-display":"","ast-hfb-below-header-display":"","ast-hfb-mobile-header-display":"","site-post-title":"","ast-breadcrumbs-content":"","ast-featured-img":"","footer-sml-layout":"","ast-disable-related-posts":"","theme-transparent-header-meta":"default","adv-header-id-meta":"","stick-header-meta":"","header-above-stick-meta":"","header-main-stick-meta":"","header-below-stick-meta":"","astra-migrate-meta-layouts":"default","ast-page-background-enabled":"default","ast-page-background-meta":{"desktop":{"background-color":"var(--ast-global-color-4)","background-image":"","background-repeat":"repeat","background-position":"center center","background-size":"auto","background-attachment":"scroll","background-type":"","background-media":"","overlay-type":"","overlay-color":"","overlay-opacity":"","overlay-gradient":""},"tablet":{"background-color":"","background-image":"","background-repeat":"repeat","background-position":"center center","background-size":"auto","background-attachment":"scroll","background-type":"","background-media":"","overlay-type":"","overlay-color":"","overlay-opacity":"","overlay-gradient":""},"mobile":{"background-color":"","background-image":"","background-repeat":"repeat","background-position":"center center","background-size":"auto","background-attachment":"scroll","background-type":"","background-media":"","overlay-type":"","overlay-color":"","overlay-opacity":"","overlay-gradient":""}},"ast-content-background-meta":{"desktop":{"background-color":"var(--ast-global-color-5)","background-image":"","background-repeat":"repeat","background-position":"center center","background-size":"auto","background-attachment":"scroll","background-type":"","background-media":"","overlay-type":"","overlay-color":"","overlay-opacity":"","overlay-gradient":""},"tablet":{"background-color":"var(--ast-global-color-5)","background-image":"","background-repeat":"repeat","background-position":"center center","background-size":"auto","background-attachment":"scroll","background-type":"","background-media":"","overlay-type":"","overlay-color":"","overlay-opacity":"","overlay-gradient":""},"mobile":{"background-color":"var(--ast-global-color-5)","background-image":"","background-repeat":"repeat","background-position":"center center","background-size":"auto","background-attachment":"scroll","background-type":"","background-media":"","overlay-type":"","overlay-color":"","overlay-opacity":"","overlay-gradient":""}}},"product_brand":[],"product_cat":[38],"product_tag":[],"class_list":{"0":"post-1174","1":"product","2":"type-product","3":"status-publish","4":"has-post-thumbnail","6":"product_cat-emilemez","7":"desktop-align-left","8":"tablet-align-left","9":"mobile-align-left","11":"first","12":"instock","13":"shipping-taxable","14":"product-type-simple"},"yoast_head":"<!-- This site is optimized with the Yoast SEO plugin v25.6 - https:\/\/yoast.com\/wordpress\/plugins\/seo\/ -->\n<title>POLYESTER TAPE (Cervix Set) &#8226; Plus Surgical Sutures<\/title>\n<meta name=\"robots\" content=\"index, follow, max-snippet:-1, max-image-preview:large, max-video-preview:-1\" \/>\n<link rel=\"canonical\" href=\"https:\/\/plussurgicalsutures.com\/en\/product\/polyester-tape\/\" \/>\n<meta property=\"og:locale\" content=\"en_US\" \/>\n<meta property=\"og:type\" content=\"article\" \/>\n<meta property=\"og:title\" content=\"POLYESTER TAPE (Cervix Set) &#8226; Plus Surgical Sutures\" \/>\n<meta property=\"og:description\" content=\"POLYESTER(Braided )  KARAKTER\u0130ST\u0130K:\u00a0 \u00a0Multifilament Emilemeyen Sentetik S\u00fct\u00fcr  K\u0130MYASAL YAPISI: Polietilen Tereftalat&#039;tan imal edilmi\u015f emilemeyen \u00f6rg\u00fcl\u00fc cerrahi s\u00fct\u00fcrd\u00fcr.  KAPLAMA MADDES\u0130: \u00a0Silikon  EBATLARI: Her \u00f6l\u00e7\u00fcde \u00fcretim yap\u0131l\u0131r.  RENK : Ye\u015fil &amp; Mavi  STER\u0130L\u0130ZASYON : Etilen Oksit ya da Gama\" \/>\n<meta property=\"og:url\" content=\"https:\/\/plussurgicalsutures.com\/en\/product\/polyester-tape\/\" \/>\n<meta property=\"og:site_name\" content=\"Plus Surgical Sutures\" \/>\n<meta property=\"article:modified_time\" content=\"2026-01-10T22:34:16+00:00\" \/>\n<meta property=\"og:image\" content=\"https:\/\/plussurgicalsutures.com\/wp-content\/uploads\/2021\/08\/tape-white-polyester_1.jpg\" \/>\n\t<meta property=\"og:image:width\" content=\"600\" \/>\n\t<meta property=\"og:image:height\" content=\"400\" \/>\n\t<meta property=\"og:image:type\" content=\"image\/jpeg\" \/>\n<meta name=\"twitter:card\" content=\"summary_large_image\" \/>\n<script type=\"application\/ld+json\" class=\"yoast-schema-graph\">{\"@context\":\"https:\/\/schema.org\",\"@graph\":[{\"@type\":\"WebPage\",\"@id\":\"https:\/\/plussurgicalsutures.com\/product\/polyester-tape\/\",\"url\":\"https:\/\/plussurgicalsutures.com\/product\/polyester-tape\/\",\"name\":\"POLYESTER TAPE (Cervix Set) &#8226; Plus Surgical Sutures\",\"isPartOf\":{\"@id\":\"https:\/\/plussurgicalsutures.com\/#website\"},\"primaryImageOfPage\":{\"@id\":\"https:\/\/plussurgicalsutures.com\/product\/polyester-tape\/#primaryimage\"},\"image\":{\"@id\":\"https:\/\/plussurgicalsutures.com\/product\/polyester-tape\/#primaryimage\"},\"thumbnailUrl\":\"https:\/\/plussurgicalsutures.com\/wp-content\/uploads\/2021\/08\/tape-white-polyester_1.jpg\",\"datePublished\":\"2021-08-21T19:37:09+00:00\",\"dateModified\":\"2026-01-10T22:34:16+00:00\",\"breadcrumb\":{\"@id\":\"https:\/\/plussurgicalsutures.com\/product\/polyester-tape\/#breadcrumb\"},\"inLanguage\":\"en-US\",\"potentialAction\":[{\"@type\":\"ReadAction\",\"target\":[\"https:\/\/plussurgicalsutures.com\/product\/polyester-tape\/\"]}]},{\"@type\":\"ImageObject\",\"inLanguage\":\"en-US\",\"@id\":\"https:\/\/plussurgicalsutures.com\/product\/polyester-tape\/#primaryimage\",\"url\":\"https:\/\/plussurgicalsutures.com\/wp-content\/uploads\/2021\/08\/tape-white-polyester_1.jpg\",\"contentUrl\":\"https:\/\/plussurgicalsutures.com\/wp-content\/uploads\/2021\/08\/tape-white-polyester_1.jpg\",\"width\":600,\"height\":400},{\"@type\":\"BreadcrumbList\",\"@id\":\"https:\/\/plussurgicalsutures.com\/product\/polyester-tape\/#breadcrumb\",\"itemListElement\":[{\"@type\":\"ListItem\",\"position\":1,\"name\":\"Home\",\"item\":\"https:\/\/plussurgicalsutures.com\/\"},{\"@type\":\"ListItem\",\"position\":2,\"name\":\"Products\",\"item\":\"https:\/\/plussurgicalsutures.com\/en\/shop\/\"},{\"@type\":\"ListItem\",\"position\":3,\"name\":\"POLYESTER TAPE (Cervix Set)\"}]},{\"@type\":\"WebSite\",\"@id\":\"https:\/\/plussurgicalsutures.com\/#website\",\"url\":\"https:\/\/plussurgicalsutures.com\/\",\"name\":\"Plus Surgical Sutures\",\"description\":\"\",\"publisher\":{\"@id\":\"https:\/\/plussurgicalsutures.com\/#organization\"},\"potentialAction\":[{\"@type\":\"SearchAction\",\"target\":{\"@type\":\"EntryPoint\",\"urlTemplate\":\"https:\/\/plussurgicalsutures.com\/?s={search_term_string}\"},\"query-input\":{\"@type\":\"PropertyValueSpecification\",\"valueRequired\":true,\"valueName\":\"search_term_string\"}}],\"inLanguage\":\"en-US\"},{\"@type\":\"Organization\",\"@id\":\"https:\/\/plussurgicalsutures.com\/#organization\",\"name\":\"Plus Surgical Sutures\",\"url\":\"https:\/\/plussurgicalsutures.com\/\",\"logo\":{\"@type\":\"ImageObject\",\"inLanguage\":\"en-US\",\"@id\":\"https:\/\/plussurgicalsutures.com\/#\/schema\/logo\/image\/\",\"url\":\"https:\/\/plussurgicalsutures.com\/wp-content\/uploads\/2021\/08\/cropped-logo.webp\",\"contentUrl\":\"https:\/\/plussurgicalsutures.com\/wp-content\/uploads\/2021\/08\/cropped-logo.webp\",\"width\":280,\"height\":152,\"caption\":\"Plus Surgical Sutures\"},\"image\":{\"@id\":\"https:\/\/plussurgicalsutures.com\/#\/schema\/logo\/image\/\"}}]}<\/script>\n<!-- \/ Yoast SEO plugin. -->","yoast_head_json":{"title":"POLYESTER TAPE (Cervix Set) &#8226; Plus Surgical Sutures","robots":{"index":"index","follow":"follow","max-snippet":"max-snippet:-1","max-image-preview":"max-image-preview:large","max-video-preview":"max-video-preview:-1"},"canonical":"https:\/\/plussurgicalsutures.com\/en\/product\/polyester-tape\/","og_locale":"en_US","og_type":"article","og_title":"POLYESTER TAPE (Cervix Set) &#8226; Plus Surgical Sutures","og_description":"POLYESTER(Braided )  KARAKTER\u0130ST\u0130K:\u00a0 \u00a0Multifilament Emilemeyen Sentetik S\u00fct\u00fcr  K\u0130MYASAL YAPISI: Polietilen Tereftalat'tan imal edilmi\u015f emilemeyen \u00f6rg\u00fcl\u00fc cerrahi s\u00fct\u00fcrd\u00fcr.  KAPLAMA MADDES\u0130: \u00a0Silikon  EBATLARI: Her \u00f6l\u00e7\u00fcde \u00fcretim yap\u0131l\u0131r.  RENK : Ye\u015fil &amp; Mavi  STER\u0130L\u0130ZASYON : Etilen Oksit ya da Gama","og_url":"https:\/\/plussurgicalsutures.com\/en\/product\/polyester-tape\/","og_site_name":"Plus Surgical Sutures","article_modified_time":"2026-01-10T22:34:16+00:00","og_image":[{"width":600,"height":400,"url":"https:\/\/plussurgicalsutures.com\/wp-content\/uploads\/2021\/08\/tape-white-polyester_1.jpg","type":"image\/jpeg"}],"twitter_card":"summary_large_image","schema":{"@context":"https:\/\/schema.org","@graph":[{"@type":"WebPage","@id":"https:\/\/plussurgicalsutures.com\/product\/polyester-tape\/","url":"https:\/\/plussurgicalsutures.com\/product\/polyester-tape\/","name":"POLYESTER TAPE (Cervix Set) &#8226; Plus Surgical Sutures","isPartOf":{"@id":"https:\/\/plussurgicalsutures.com\/#website"},"primaryImageOfPage":{"@id":"https:\/\/plussurgicalsutures.com\/product\/polyester-tape\/#primaryimage"},"image":{"@id":"https:\/\/plussurgicalsutures.com\/product\/polyester-tape\/#primaryimage"},"thumbnailUrl":"https:\/\/plussurgicalsutures.com\/wp-content\/uploads\/2021\/08\/tape-white-polyester_1.jpg","datePublished":"2021-08-21T19:37:09+00:00","dateModified":"2026-01-10T22:34:16+00:00","breadcrumb":{"@id":"https:\/\/plussurgicalsutures.com\/product\/polyester-tape\/#breadcrumb"},"inLanguage":"en-US","potentialAction":[{"@type":"ReadAction","target":["https:\/\/plussurgicalsutures.com\/product\/polyester-tape\/"]}]},{"@type":"ImageObject","inLanguage":"en-US","@id":"https:\/\/plussurgicalsutures.com\/product\/polyester-tape\/#primaryimage","url":"https:\/\/plussurgicalsutures.com\/wp-content\/uploads\/2021\/08\/tape-white-polyester_1.jpg","contentUrl":"https:\/\/plussurgicalsutures.com\/wp-content\/uploads\/2021\/08\/tape-white-polyester_1.jpg","width":600,"height":400},{"@type":"BreadcrumbList","@id":"https:\/\/plussurgicalsutures.com\/product\/polyester-tape\/#breadcrumb","itemListElement":[{"@type":"ListItem","position":1,"name":"Home","item":"https:\/\/plussurgicalsutures.com\/"},{"@type":"ListItem","position":2,"name":"Products","item":"https:\/\/plussurgicalsutures.com\/en\/shop\/"},{"@type":"ListItem","position":3,"name":"POLYESTER TAPE (Cervix Set)"}]},{"@type":"WebSite","@id":"https:\/\/plussurgicalsutures.com\/#website","url":"https:\/\/plussurgicalsutures.com\/","name":"Plus Surgical Sutures","description":"","publisher":{"@id":"https:\/\/plussurgicalsutures.com\/#organization"},"potentialAction":[{"@type":"SearchAction","target":{"@type":"EntryPoint","urlTemplate":"https:\/\/plussurgicalsutures.com\/?s={search_term_string}"},"query-input":{"@type":"PropertyValueSpecification","valueRequired":true,"valueName":"search_term_string"}}],"inLanguage":"en-US"},{"@type":"Organization","@id":"https:\/\/plussurgicalsutures.com\/#organization","name":"Plus Surgical Sutures","url":"https:\/\/plussurgicalsutures.com\/","logo":{"@type":"ImageObject","inLanguage":"en-US","@id":"https:\/\/plussurgicalsutures.com\/#\/schema\/logo\/image\/","url":"https:\/\/plussurgicalsutures.com\/wp-content\/uploads\/2021\/08\/cropped-logo.webp","contentUrl":"https:\/\/plussurgicalsutures.com\/wp-content\/uploads\/2021\/08\/cropped-logo.webp","width":280,"height":152,"caption":"Plus Surgical Sutures"},"image":{"@id":"https:\/\/plussurgicalsutures.com\/#\/schema\/logo\/image\/"}}]}},"_links":{"self":[{"href":"https:\/\/plussurgicalsutures.com\/en\/wp-json\/wp\/v2\/product\/1174"}],"collection":[{"href":"https:\/\/plussurgicalsutures.com\/en\/wp-json\/wp\/v2\/product"}],"about":[{"href":"https:\/\/plussurgicalsutures.com\/en\/wp-json\/wp\/v2\/types\/product"}],"replies":[{"embeddable":true,"href":"https:\/\/plussurgicalsutures.com\/en\/wp-json\/wp\/v2\/comments?post=1174"}],"wp:featuredmedia":[{"embeddable":true,"href":"https:\/\/plussurgicalsutures.com\/en\/wp-json\/wp\/v2\/media\/1177"}],"wp:attachment":[{"href":"https:\/\/plussurgicalsutures.com\/en\/wp-json\/wp\/v2\/media?parent=1174"}],"wp:term":[{"taxonomy":"product_brand","embeddable":true,"href":"https:\/\/plussurgicalsutures.com\/en\/wp-json\/wp\/v2\/product_brand?post=1174"},{"taxonomy":"product_cat","embeddable":true,"href":"https:\/\/plussurgicalsutures.com\/en\/wp-json\/wp\/v2\/product_cat?post=1174"},{"taxonomy":"product_tag","embeddable":true,"href":"https:\/\/plussurgicalsutures.com\/en\/wp-json\/wp\/v2\/product_tag?post=1174"}],"curies":[{"name":"wp","href":"https:\/\/api.w.org\/{rel}","templated":true}]}}